{"id":91,"date":"2017-08-02T23:36:29","date_gmt":"2017-08-02T21:36:29","guid":{"rendered":"http:\/\/tierschutzteam-ev.de\/?page_id=91"},"modified":"2018-07-21T16:27:37","modified_gmt":"2018-07-21T14:27:37","slug":"katzenhaus-arnach","status":"publish","type":"page","link":"http:\/\/www.tierschutzteam-ev.de\/?page_id=91","title":{"rendered":"Katzenhaus Arnach"},"content":{"rendered":"<p><strong>Das Katzenhaus in Arnach<\/strong><\/p>\n<p>Hier leben zur Zeit 15 Katzen und Kater, die entweder scheu, chronisch krank oder alt sind und daher nicht vermittelbar sind. Sie haben eine grosse helle Wohnung und ein gut gesichertes Gehege zur Verf\u00fcgung.<\/p>\n<p>Dar\u00fcber hinaus bieten wir hier eine Pflegestelle f\u00fcr vermittelbare Tiere. Auch hochtragende, scheue Katzen konnten hier in Ruhe ihre Kitten zur Welt bringen, die dann in menschlicher Obhut aufwachsen und zahm werden k\u00f6nnen.<\/p>\n<figure id=\"attachment_139\" aria-describedby=\"caption-attachment-139\" style=\"width: 300px\" class=\"wp-caption alignleft\"><img decoding=\"async\" loading=\"lazy\" class=\"size-medium wp-image-139\" src=\"http:\/\/tierschutzteam-ev.de\/wp-content\/uploads\/2017\/08\/Katzenhaus_1128-300x201.jpg\" alt=\"Katzenhaus Arnach\" width=\"300\" height=\"201\" srcset=\"http:\/\/www.tierschutzteam-ev.de\/wp-content\/uploads\/2017\/08\/Katzenhaus_1128-300x201.jpg 300w, http:\/\/www.tierschutzteam-ev.de\/wp-content\/uploads\/2017\/08\/Katzenhaus_1128.jpg 684w\" sizes=\"(max-width: 300px) 100vw, 300px\" \/><figcaption id=\"caption-attachment-139\" class=\"wp-caption-text\">Katzenhaus Arnach<\/figcaption><\/figure>\n<figure id=\"attachment_141\" aria-describedby=\"caption-attachment-141\" style=\"width: 300px\" class=\"wp-caption alignleft\"><img decoding=\"async\" loading=\"lazy\" class=\"size-medium wp-image-141\" src=\"http:\/\/tierschutzteam-ev.de\/wp-content\/uploads\/2017\/08\/Katzenhaus_1130-300x201.jpg\" alt=\"Katzenhaus Arnach\" width=\"300\" height=\"201\" srcset=\"http:\/\/www.tierschutzteam-ev.de\/wp-content\/uploads\/2017\/08\/Katzenhaus_1130-300x201.jpg 300w, http:\/\/www.tierschutzteam-ev.de\/wp-content\/uploads\/2017\/08\/Katzenhaus_1130.jpg 684w\" sizes=\"(max-width: 300px) 100vw, 300px\" \/><figcaption id=\"caption-attachment-141\" class=\"wp-caption-text\">Katzenhaus Arnach<\/figcaption><\/figure>\n<figure id=\"attachment_142\" aria-describedby=\"caption-attachment-142\" style=\"width: 300px\" class=\"wp-caption alignleft\"><img decoding=\"async\" loading=\"lazy\" class=\"size-medium wp-image-142\" src=\"http:\/\/tierschutzteam-ev.de\/wp-content\/uploads\/2017\/08\/Katzenhaus_1132-300x201.jpg\" alt=\"Katzenhaus Arnach\" width=\"300\" height=\"201\" srcset=\"http:\/\/www.tierschutzteam-ev.de\/wp-content\/uploads\/2017\/08\/Katzenhaus_1132-300x201.jpg 300w, http:\/\/www.tierschutzteam-ev.de\/wp-content\/uploads\/2017\/08\/Katzenhaus_1132.jpg 684w\" sizes=\"(max-width: 300px) 100vw, 300px\" \/><figcaption id=\"caption-attachment-142\" class=\"wp-caption-text\">Katzenhaus Arnach<\/figcaption><\/figure>\n<figure id=\"attachment_143\" aria-describedby=\"caption-attachment-143\" style=\"width: 300px\" class=\"wp-caption alignleft\"><img decoding=\"async\" loading=\"lazy\" class=\"size-medium wp-image-143\" src=\"http:\/\/tierschutzteam-ev.de\/wp-content\/uploads\/2017\/08\/Katzenhaus_1210-300x161.jpg\" alt=\"Katzenhaus Arnach\" width=\"300\" height=\"161\" srcset=\"http:\/\/www.tierschutzteam-ev.de\/wp-content\/uploads\/2017\/08\/Katzenhaus_1210-300x161.jpg 300w, http:\/\/www.tierschutzteam-ev.de\/wp-content\/uploads\/2017\/08\/Katzenhaus_1210.jpg 684w\" sizes=\"(max-width: 300px) 100vw, 300px\" \/><figcaption id=\"caption-attachment-143\" class=\"wp-caption-text\">Katzenhaus Arnach<\/figcaption><\/figure>\n<figure id=\"attachment_144\" aria-describedby=\"caption-attachment-144\" style=\"width: 300px\" class=\"wp-caption alignleft\"><img decoding=\"async\" loading=\"lazy\" class=\"size-medium wp-image-144\" src=\"http:\/\/tierschutzteam-ev.de\/wp-content\/uploads\/2017\/08\/Katzenhaus_1212-300x201.jpg\" alt=\"Katzenhaus Arnach\" width=\"300\" height=\"201\" srcset=\"http:\/\/www.tierschutzteam-ev.de\/wp-content\/uploads\/2017\/08\/Katzenhaus_1212-300x201.jpg 300w, http:\/\/www.tierschutzteam-ev.de\/wp-content\/uploads\/2017\/08\/Katzenhaus_1212.jpg 684w\" sizes=\"(max-width: 300px) 100vw, 300px\" \/><figcaption id=\"caption-attachment-144\" class=\"wp-caption-text\">Katzenhaus Arnach<\/figcaption><\/figure>\n<figure id=\"attachment_145\" aria-describedby=\"caption-attachment-145\" style=\"width: 300px\" class=\"wp-caption alignleft\"><img decoding=\"async\" loading=\"lazy\" class=\"size-medium wp-image-145\" src=\"http:\/\/tierschutzteam-ev.de\/wp-content\/uploads\/2017\/08\/Katzenhaus_1214-300x201.jpg\" alt=\"Katzenhaus Arnach\" width=\"300\" height=\"201\" srcset=\"http:\/\/www.tierschutzteam-ev.de\/wp-content\/uploads\/2017\/08\/Katzenhaus_1214-300x201.jpg 300w, http:\/\/www.tierschutzteam-ev.de\/wp-content\/uploads\/2017\/08\/Katzenhaus_1214.jpg 684w\" sizes=\"(max-width: 300px) 100vw, 300px\" \/><figcaption id=\"caption-attachment-145\" class=\"wp-caption-text\">Katzenhaus Arnach<\/figcaption><\/figure>\n<figure id=\"attachment_146\" aria-describedby=\"caption-attachment-146\" style=\"width: 300px\" class=\"wp-caption alignleft\"><img decoding=\"async\" loading=\"lazy\" class=\"size-medium wp-image-146\" src=\"http:\/\/tierschutzteam-ev.de\/wp-content\/uploads\/2017\/08\/Katzenhaus_1228-300x154.jpg\" alt=\"Katzenhaus Arnach\" width=\"300\" height=\"154\" srcset=\"http:\/\/www.tierschutzteam-ev.de\/wp-content\/uploads\/2017\/08\/Katzenhaus_1228-300x154.jpg 300w, http:\/\/www.tierschutzteam-ev.de\/wp-content\/uploads\/2017\/08\/Katzenhaus_1228.jpg 684w\" sizes=\"(max-width: 300px) 100vw, 300px\" \/><figcaption id=\"caption-attachment-146\" class=\"wp-caption-text\">Katzenhaus Arnach<\/figcaption><\/figure>\n","protected":false},"excerpt":{"rendered":"<p>Das Katzenhaus in Arnach Hier leben zur Zeit 15 Katzen und Kater, die entweder scheu, chronisch krank oder alt sind und daher nicht vermittelbar sind. Sie haben eine grosse helle Wohnung und ein gut gesichertes Gehege zur Verf\u00fcgung. Dar\u00fcber hinaus bieten wir hier eine Pflegestelle f\u00fcr vermittelbare Tiere. Auch hochtragende, scheue Katzen konnten hier in &hellip; <\/p>\n<p class=\"link-more\"><a href=\"http:\/\/www.tierschutzteam-ev.de\/?page_id=91\" class=\"more-link\"><span class=\"screen-reader-text\">\u201eKatzenhaus Arnach\u201c<\/span> weiterlesen<\/a><\/p>\n","protected":false},"author":1,"featured_media":0,"parent":8,"menu_order":3,"comment_status":"closed","ping_status":"closed","template":"","meta":[],"_links":{"self":[{"href":"http:\/\/www.tierschutzteam-ev.de\/index.php?rest_route=\/wp\/v2\/pages\/91"}],"collection":[{"href":"http:\/\/www.tierschutzteam-ev.de\/index.php?rest_route=\/wp\/v2\/pages"}],"about":[{"href":"http:\/\/www.tierschutzteam-ev.de\/index.php?rest_route=\/wp\/v2\/types\/page"}],"author":[{"embeddable":true,"href":"http:\/\/www.tierschutzteam-ev.de\/index.php?rest_route=\/wp\/v2\/users\/1"}],"replies":[{"embeddable":true,"href":"http:\/\/www.tierschutzteam-ev.de\/index.php?rest_route=%2Fwp%2Fv2%2Fcomments&post=91"}],"version-history":[{"count":5,"href":"http:\/\/www.tierschutzteam-ev.de\/index.php?rest_route=\/wp\/v2\/pages\/91\/revisions"}],"predecessor-version":[{"id":349,"href":"http:\/\/www.tierschutzteam-ev.de\/index.php?rest_route=\/wp\/v2\/pages\/91\/revisions\/349"}],"up":[{"embeddable":true,"href":"http:\/\/www.tierschutzteam-ev.de\/index.php?rest_route=\/wp\/v2\/pages\/8"}],"wp:attachment":[{"href":"http:\/\/www.tierschutzteam-ev.de\/index.php?rest_route=%2Fwp%2Fv2%2Fmedia&parent=91"}],"curies":[{"name":"wp","href":"https:\/\/api.w.org\/{rel}","templated":true}]}}