{"id":9,"date":"2017-08-01T22:11:44","date_gmt":"2017-08-01T20:11:44","guid":{"rendered":"http:\/\/tierschutzteam-ev.de\/?page_id=9"},"modified":"2025-06-23T16:01:24","modified_gmt":"2025-06-23T14:01:24","slug":"kontakt","status":"publish","type":"page","link":"http:\/\/www.tierschutzteam-ev.de\/?page_id=9","title":{"rendered":"Impressum"},"content":{"rendered":"<p><strong>Impressum:<br \/>\nTierschutzteam e.V.<\/strong><br \/>\nObergreut 8; 88410 Bad Wurzach<\/p>\n<p><a href=\"tel:07564948250\">Tel: 07564\/948 250<\/a><\/p>\n<p>oder <a href=\"tel:01727101654\">Tel: 0172\/710 16 54<\/a><\/p>\n<p>E-Mail: <a href=\"mailto:weidle-loris@t-online.de\">weidle-loris@t-online.de<\/a><\/p>\n<p>1. Vorstand: Bettina Weidle-Loris<\/p>\n<p>2. Vorstand: Jeanette Schmid<\/p>\n<p>Kassier: Dr. Kurt Loris<\/p>\n<p>Landkreis Ravensburg, Region Oberschwaben, Baden-W\u00fcrttemberg, Deutschland (Germany)<br \/>\nBezeichnung: Tierschutzverein <a href=\"http:\/\/tierschutzteam-ev.de\/wp-content\/uploads\/2017\/08\/Satzung02.pdf\"><strong>Vereinssatzung (pdf)<\/strong><\/a><br \/>\n\u00dcberwachung: Landratsamt Ravensburg<\/p>\n<p><strong>Rechtlicher Hinweis:<\/strong><br \/>\nF\u00fcr den Inhalt dieser Seiten ist das Tierschutzteam e.V. im Sinne des Presserechtes verantwortlich. Mit Urteil vom 12.Mai 1998 hat das Landgericht Hamburg entschieden, dass man durch das Setzen eines Links die Inhalte der gelinkten Seite ggf. mit zu verantworten hat. Dies kann, so das LG, nur dadurch verhindert werden, dass man sich ausdr\u00fccklich von diesen Inhalten distanziert. Auf den Seiten dieser Homepage sind Links zu anderen Seiten gesetzt. Wir haben keinerlei Einfluss auf die Gestaltung der gelinkten Seiten. Daher distanzieren wir uns ausdr\u00fccklich von rechtswidrigen Inhalten der gelinkten Seiten. Dies gilt auch f\u00fcr alle Links, die auf unsere Homepage verweisen. Alle Ver\u00f6ffentlichungen und Informationen dieser Seite sind durch das Urheberrecht gesch\u00fctzt. Informationen d\u00fcrfen nicht ohne Zustimmung vervielf\u00e4ltigt oder \u00fcbernommen werden.<\/p>\n<p><strong>Ansprechpartner f\u00fcr diese Internetseiten:<\/strong><br \/>\nTierschutzteam e.V., Obergreut 8, 88410 Bad Wurzach<\/p>\n<p><a href=\"tel:07564948250\">Tel: 07564\/948 250<\/a><\/p>\n<p>oder <a href=\"tel:01727101654\">Tel: 0172\/710 16 54<\/a><\/p>\n<p>E-Mail: <a href=\"mailto:weidle-loris@t-online.de\">weidle-loris@t-online.de<\/a><\/p>\n<p><strong>Allgemeine Nutzungsbedingungen<\/strong><br \/>\nS\u00e4mtliche auf unseren Internetseiten zur Verf\u00fcgung gestellten Informationen und Erkl\u00e4rungen wurden sorgf\u00e4ltig gepr\u00fcft und werden regelm\u00e4\u00dfig aktualisiert. Jedoch kann keine Garantie daf\u00fcr \u00fcbernommen werden, dass s\u00e4mtliche Angaben vollst\u00e4ndig und richtig dargestellt sind. Inhaltliche Fehler werden bei Bekanntwerden unverz\u00fcglich korrigiert. Gleichwohl wir uns darum bem\u00fchen, erhebt Tierschutzteam-ev.de nicht den Anspruch auf den Internetseiten auf dem aktuellsten Stand zu sein.Der Inhalt der Internetseiten ist urheber- und markenrechtlich gesch\u00fctzt. Es darf lediglich eine Kopie auf einen Computer f\u00fcr den pers\u00f6nlichen, wissenschaftlichen, nicht kommerziellen Gebrauch heruntergeladen werden. Alle auf dieser Website genannten Produktnamen, Produktbezeichnungen und Logos sind eingetragene Warenzeichen und Eigentum der jeweiligen Rechteinhaber. Tierschutzteam-ev.de \u00fcbernimmt keine Gew\u00e4hr f\u00fcr die M\u00e4ngelfreiheit heruntergeladener Dateien. Es wird empfohlen, heruntergeladene Daten oder Software auf Viren mittels neuester Virensoftware zu \u00fcberpr\u00fcfen. Tierschutzteam-ev.de haftet nicht f\u00fcr etwaige Sch\u00e4den, die durch die Nutzung dieser Internetseiten und\/oder durch das Herunterladen von Daten entstehen. Insbesondere haftet Tierschutzteam-ev.de nicht f\u00fcr unmittelbare oder mittelbare Folgesch\u00e4den, Datenverlust, entgangenen Gewinn, System- oder Produktionsausf\u00e4lle. Ihre pers\u00f6nliche Daten werden von uns (Ausnahme: strafrechtliche Verfolgung) nicht an dritte Personen, Unternehmen und\/oder Organisationen weitergeleitet.<\/p>\n","protected":false},"excerpt":{"rendered":"<p>Impressum: Tierschutzteam e.V. Obergreut 8; 88410 Bad Wurzach Tel: 07564\/948 250 oder Tel: 0172\/710 16 54 E-Mail: weidle-loris@t-online.de 1. Vorstand: Bettina Weidle-Loris 2. Vorstand: Jeanette Schmid Kassier: Dr. Kurt Loris Landkreis Ravensburg, Region Oberschwaben, Baden-W\u00fcrttemberg, Deutschland (Germany) Bezeichnung: Tierschutzverein Vereinssatzung (pdf) \u00dcberwachung: Landratsamt Ravensburg Rechtlicher Hinweis: F\u00fcr den Inhalt dieser Seiten ist das Tierschutzteam e.V. &hellip; <\/p>\n<p class=\"link-more\"><a href=\"http:\/\/www.tierschutzteam-ev.de\/?page_id=9\" class=\"more-link\"><span class=\"screen-reader-text\">\u201eImpressum\u201c<\/span> weiterlesen<\/a><\/p>\n","protected":false},"author":1,"featured_media":0,"parent":0,"menu_order":0,"comment_status":"closed","ping_status":"closed","template":"","meta":[],"_links":{"self":[{"href":"http:\/\/www.tierschutzteam-ev.de\/index.php?rest_route=\/wp\/v2\/pages\/9"}],"collection":[{"href":"http:\/\/www.tierschutzteam-ev.de\/index.php?rest_route=\/wp\/v2\/pages"}],"about":[{"href":"http:\/\/www.tierschutzteam-ev.de\/index.php?rest_route=\/wp\/v2\/types\/page"}],"author":[{"embeddable":true,"href":"http:\/\/www.tierschutzteam-ev.de\/index.php?rest_route=\/wp\/v2\/users\/1"}],"replies":[{"embeddable":true,"href":"http:\/\/www.tierschutzteam-ev.de\/index.php?rest_route=%2Fwp%2Fv2%2Fcomments&post=9"}],"version-history":[{"count":16,"href":"http:\/\/www.tierschutzteam-ev.de\/index.php?rest_route=\/wp\/v2\/pages\/9\/revisions"}],"predecessor-version":[{"id":358,"href":"http:\/\/www.tierschutzteam-ev.de\/index.php?rest_route=\/wp\/v2\/pages\/9\/revisions\/358"}],"wp:attachment":[{"href":"http:\/\/www.tierschutzteam-ev.de\/index.php?rest_route=%2Fwp%2Fv2%2Fmedia&parent=9"}],"curies":[{"name":"wp","href":"https:\/\/api.w.org\/{rel}","templated":true}]}}