{"id":89,"date":"2017-08-02T23:35:46","date_gmt":"2017-08-02T21:35:46","guid":{"rendered":"http:\/\/tierschutzteam-ev.de\/?page_id=89"},"modified":"2018-07-23T16:48:18","modified_gmt":"2018-07-23T14:48:18","slug":"berichte","status":"publish","type":"page","link":"http:\/\/www.tierschutzteam-ev.de\/?page_id=89","title":{"rendered":"Berichte"},"content":{"rendered":"<p><strong>Erstes Halbjahr 2018<br \/>\n<\/strong>Bis Ende Juni wurden bereits 29 Katzen und Kater kastriert. F\u00fcr ein v\u00f6llig verwahrlostes K\u00e4tzchen von einem Bauernhof kam leider jede Hilfe zu sp\u00e4t. Ins Katzenhaus Arnach wurde ein FIV-Kater aus Karbach \u00fcbernommen. Da er mehr Zuwendung brauchte, als wir im geben konnten, wurde er an eine liebe Frau vermittelt. Beide sind nun gl\u00fccklich. Im Mai nahmen wir ein junges, sehr krankes Katerchen auf. Er wurde gep\u00e4ppelt und kastriert. Leider konnte ein Auge nicht gerettet werden. Zudem wird er wohl nicht zahm werden, so dass seine Vermittlungschancen relativ klein sind.<\/p>\n<p><strong><br \/>\n2017<\/strong><\/p>\n<p>Im Berichtszeitraum wurden von uns 43 Katzen kastriert, 27 K\u00e4tzinnen und 16 Kater. Teilweise wurden diese Kastrationen aus dem &#8211; leider einmaligen &#8211; Fond der Stadt Bad Wurzach bezahlt. 4 junge Katzen kamen ins Tierheim Karbach, der Rest konnte zur\u00fcckgebracht werden und wird dort gef\u00fcttert und versorgt. Au\u00dferdem betreuen wir nach wie vor die Futterstationen in Rahmhaus (4), Riedschmiede (5)\u00a0 und Jordanstra\u00dfe\u00a0 (2). Im Juli \u00fcbernahmen wir eine weitere Futterstation in Humberg mit 5 scheuen Katzen, deren Besitzerin ins Pflegeheim kam. Unsere langj\u00e4hrige Vorsitzende, Kerstin Kr\u00e4mer, hat aus beruflichen Gr\u00fcnden ihren Vorsitz aufgegeben. In den notwendigen Nachwahlen wurden Bettina Weidle-Loris als 1. Vorsitzende und Jeanette Schmid als 2. Vorsitzende einstimmig gew\u00e4hlt. Wieder waren wir auf dem Stadtfest und dem Weihnachtsmarkt mit einem Stand vertreten. Auf dem Weihnachtsmarkt f\u00fchrten Gespr\u00e4che mit interessierten B\u00fcrgern zu 4 Kastrationen.<\/p>\n<p>&nbsp;<\/p>\n<p><img decoding=\"async\" loading=\"lazy\" class=\"alignleft wp-image-114 size-thumbnail\" src=\"http:\/\/tierschutzteam-ev.de\/wp-content\/uploads\/2017\/08\/Mischa2012-150x150.jpg\" alt=\"Mischa2012\" width=\"150\" height=\"150\" srcset=\"http:\/\/www.tierschutzteam-ev.de\/wp-content\/uploads\/2017\/08\/Mischa2012-150x150.jpg 150w, http:\/\/www.tierschutzteam-ev.de\/wp-content\/uploads\/2017\/08\/Mischa2012-100x100.jpg 100w\" sizes=\"(max-width: 150px) 100vw, 150px\" \/><\/p>\n<p><img decoding=\"async\" loading=\"lazy\" class=\"alignleft wp-image-115 size-thumbnail\" src=\"http:\/\/tierschutzteam-ev.de\/wp-content\/uploads\/2017\/08\/Sammy2012-150x150.jpeg\" alt=\"Sammy2012\" width=\"150\" height=\"150\" srcset=\"http:\/\/www.tierschutzteam-ev.de\/wp-content\/uploads\/2017\/08\/Sammy2012-150x150.jpeg 150w, http:\/\/www.tierschutzteam-ev.de\/wp-content\/uploads\/2017\/08\/Sammy2012-100x100.jpeg 100w\" sizes=\"(max-width: 150px) 100vw, 150px\" \/><img decoding=\"async\" loading=\"lazy\" class=\"alignleft size-thumbnail wp-image-116\" src=\"http:\/\/tierschutzteam-ev.de\/wp-content\/uploads\/2017\/08\/MischaSammy2012_1-150x150.jpeg\" alt=\"MischaSammy2012_1\" width=\"150\" height=\"150\" srcset=\"http:\/\/www.tierschutzteam-ev.de\/wp-content\/uploads\/2017\/08\/MischaSammy2012_1-150x150.jpeg 150w, http:\/\/www.tierschutzteam-ev.de\/wp-content\/uploads\/2017\/08\/MischaSammy2012_1-100x100.jpeg 100w\" sizes=\"(max-width: 150px) 100vw, 150px\" \/><img decoding=\"async\" loading=\"lazy\" class=\"alignleft size-thumbnail wp-image-117\" src=\"http:\/\/tierschutzteam-ev.de\/wp-content\/uploads\/2017\/08\/MischaSammy2012_2-150x150.jpeg\" alt=\"MischaSammy2012_2\" width=\"150\" height=\"150\" srcset=\"http:\/\/www.tierschutzteam-ev.de\/wp-content\/uploads\/2017\/08\/MischaSammy2012_2-150x150.jpeg 150w, http:\/\/www.tierschutzteam-ev.de\/wp-content\/uploads\/2017\/08\/MischaSammy2012_2-100x100.jpeg 100w\" sizes=\"(max-width: 150px) 100vw, 150px\" \/><\/p>\n<p>&nbsp;<\/p>\n<p>&nbsp;<\/p>\n<p>&nbsp;<\/p>\n<p>&nbsp;<\/p>\n<p>&nbsp;<\/p>\n<p>&nbsp;<\/p>\n<p>&nbsp;<\/p>\n<p><strong>\u00a0<\/strong><\/p>\n<p>&nbsp;<\/p>\n","protected":false},"excerpt":{"rendered":"<p>Erstes Halbjahr 2018 Bis Ende Juni wurden bereits 29 Katzen und Kater kastriert. F\u00fcr ein v\u00f6llig verwahrlostes K\u00e4tzchen von einem Bauernhof kam leider jede Hilfe zu sp\u00e4t. Ins Katzenhaus Arnach wurde ein FIV-Kater aus Karbach \u00fcbernommen. Da er mehr Zuwendung brauchte, als wir im geben konnten, wurde er an eine liebe Frau vermittelt. Beide sind &hellip; <\/p>\n<p class=\"link-more\"><a href=\"http:\/\/www.tierschutzteam-ev.de\/?page_id=89\" class=\"more-link\"><span class=\"screen-reader-text\">\u201eBerichte\u201c<\/span> weiterlesen<\/a><\/p>\n","protected":false},"author":1,"featured_media":0,"parent":8,"menu_order":2,"comment_status":"closed","ping_status":"closed","template":"","meta":[],"_links":{"self":[{"href":"http:\/\/www.tierschutzteam-ev.de\/index.php?rest_route=\/wp\/v2\/pages\/89"}],"collection":[{"href":"http:\/\/www.tierschutzteam-ev.de\/index.php?rest_route=\/wp\/v2\/pages"}],"about":[{"href":"http:\/\/www.tierschutzteam-ev.de\/index.php?rest_route=\/wp\/v2\/types\/page"}],"author":[{"embeddable":true,"href":"http:\/\/www.tierschutzteam-ev.de\/index.php?rest_route=\/wp\/v2\/users\/1"}],"replies":[{"embeddable":true,"href":"http:\/\/www.tierschutzteam-ev.de\/index.php?rest_route=%2Fwp%2Fv2%2Fcomments&post=89"}],"version-history":[{"count":6,"href":"http:\/\/www.tierschutzteam-ev.de\/index.php?rest_route=\/wp\/v2\/pages\/89\/revisions"}],"predecessor-version":[{"id":112,"href":"http:\/\/www.tierschutzteam-ev.de\/index.php?rest_route=\/wp\/v2\/pages\/89\/revisions\/112"}],"up":[{"embeddable":true,"href":"http:\/\/www.tierschutzteam-ev.de\/index.php?rest_route=\/wp\/v2\/pages\/8"}],"wp:attachment":[{"href":"http:\/\/www.tierschutzteam-ev.de\/index.php?rest_route=%2Fwp%2Fv2%2Fmedia&parent=89"}],"curies":[{"name":"wp","href":"https:\/\/api.w.org\/{rel}","templated":true}]}}