{"id":87,"date":"2017-08-02T23:34:24","date_gmt":"2017-08-02T21:34:24","guid":{"rendered":"http:\/\/tierschutzteam-ev.de\/?page_id=87"},"modified":"2018-07-23T15:32:56","modified_gmt":"2018-07-23T13:32:56","slug":"vereinsgruendung","status":"publish","type":"page","link":"http:\/\/www.tierschutzteam-ev.de\/?page_id=87","title":{"rendered":"Vereinsgr\u00fcndung"},"content":{"rendered":"<p style=\"text-align: center;\"><strong>Vereinsgr\u00fcndung 2010<\/strong><\/p>\n<p><span style=\"font-size: 12px;\">Gerettete Katzenkinder<\/span><strong><img decoding=\"async\" loading=\"lazy\" class=\"alignleft wp-image-150 size-full\" src=\"http:\/\/www.tierschutzteam-ev.de\/wp-content\/uploads\/2017\/08\/IMG_2728a.jpg\" alt=\"Katzenkinder\" width=\"150\" height=\"113\" srcset=\"http:\/\/www.tierschutzteam-ev.de\/wp-content\/uploads\/2017\/08\/IMG_2728a.jpg 600w, http:\/\/www.tierschutzteam-ev.de\/wp-content\/uploads\/2017\/08\/IMG_2728a-300x225.jpg 300w\" sizes=\"(max-width: 150px) 100vw, 150px\" \/><\/strong><\/p>\n<p>&nbsp;<\/p>\n<p>&nbsp;<\/p>\n<p>&nbsp;<\/p>\n<p style=\"text-align: center;\"><strong>Den Tierschutzgedanken in der Region neu beleben<\/strong><\/p>\n<p style=\"text-align: center;\">Tierfreunde gr\u00fcnden neues \u201eTierschutzTeam\u201c \u2013 Der neue Verein freut sich \u00fcber weitere Mitglieder.<\/p>\n<p>2010 wurde in Bad Wurzach ein zweiter Tierschutzverein gegr\u00fcndet . Der \u201eTierschutzTeam e.V.\u201c m\u00f6chte bei den Menschen die Liebe zum Tier, die artgerechte Haltung von Tieren und die Abscheu vor jeglicher Tierqu\u00e4lerei f\u00f6rdern. Nach wie vor haben die Schwachen in unserer Gesellschaft keine\u00a0\u00a0 Lobby. Das TierschutzTeam m\u00f6chte im Besonderen hilflose Tiere unterst\u00fctzen und den Tierschutzgedanken in unserer Region neu beleben. \u201eWir w\u00fcnschen uns Mitglieder, die mit offenen Augen und offenen Herzen durch die Welt gehen und immer dort, wo Tierleid offensichtlich wird, Aufkl\u00e4rung betreiben und den Tierbesitzern mit Rat und Tat zur Seite stehen\u201c, so die erste Vorsitzende Kerstin Kr\u00e4mer. Wobei Tiersch\u00fctzer auch angefeindet werden, was das TierschutzTeam schon mehrfach miterleben musste. Zum Beispiel gab es \u00c4rger mit einer F\u00fctterungsstation, die seit sieben Jahren drei kastrierte Katzen vor dem Verhungern bewahrt. Auch wenn das Team aktuell erst aus den Gr\u00fcndungsmitgliedern besteht, wird bereits flei\u00dfig gearbeitet.\u00a0 Landwirte werden \u00fcber die n\u00f6tige Kastration von Katzen informiert, um so das Leid der Katzen und die T\u00f6tung der vielen Welpen ein wenig einzud\u00e4mmen. Mit h\u00e4ufiger Pr\u00e4senz, zum Beispiel auf dem Kleintiermarkt in Ki\u00dflegg, m\u00f6chte der Verein verhindern, dass Jungtiere zu fr\u00fch von der Mutter weg und offensichtlich kranke Tiere gar nicht verkauft werden. Dort wurde Anfang November 2010 ein ganzer Wurf etwa vier Wochen alter Katzenbabys einfach auf dem Parkplatz weggeworfen, nachdem die Betreiber den Verkauf so junger Tiere nicht zugelassen hatten. Die zweite Vorsitzende des TierschutzTeams nahm drei der Babies auf, die an der Katzenseuche erkrankt waren. Trotz intensivster tier\u00e4rztlicher Betreuung \u00fcberlebte nur eines.<\/p>\n<p>&nbsp;<\/p>\n","protected":false},"excerpt":{"rendered":"<p>Vereinsgr\u00fcndung 2010 Gerettete Katzenkinder &nbsp; &nbsp; &nbsp; Den Tierschutzgedanken in der Region neu beleben Tierfreunde gr\u00fcnden neues \u201eTierschutzTeam\u201c \u2013 Der neue Verein freut sich \u00fcber weitere Mitglieder. 2010 wurde in Bad Wurzach ein zweiter Tierschutzverein gegr\u00fcndet . Der \u201eTierschutzTeam e.V.\u201c m\u00f6chte bei den Menschen die Liebe zum Tier, die artgerechte Haltung von Tieren und die &hellip; <\/p>\n<p class=\"link-more\"><a href=\"http:\/\/www.tierschutzteam-ev.de\/?page_id=87\" class=\"more-link\"><span class=\"screen-reader-text\">\u201eVereinsgr\u00fcndung\u201c<\/span> weiterlesen<\/a><\/p>\n","protected":false},"author":1,"featured_media":0,"parent":8,"menu_order":1,"comment_status":"closed","ping_status":"closed","template":"","meta":[],"_links":{"self":[{"href":"http:\/\/www.tierschutzteam-ev.de\/index.php?rest_route=\/wp\/v2\/pages\/87"}],"collection":[{"href":"http:\/\/www.tierschutzteam-ev.de\/index.php?rest_route=\/wp\/v2\/pages"}],"about":[{"href":"http:\/\/www.tierschutzteam-ev.de\/index.php?rest_route=\/wp\/v2\/types\/page"}],"author":[{"embeddable":true,"href":"http:\/\/www.tierschutzteam-ev.de\/index.php?rest_route=\/wp\/v2\/users\/1"}],"replies":[{"embeddable":true,"href":"http:\/\/www.tierschutzteam-ev.de\/index.php?rest_route=%2Fwp%2Fv2%2Fcomments&post=87"}],"version-history":[{"count":10,"href":"http:\/\/www.tierschutzteam-ev.de\/index.php?rest_route=\/wp\/v2\/pages\/87\/revisions"}],"predecessor-version":[{"id":257,"href":"http:\/\/www.tierschutzteam-ev.de\/index.php?rest_route=\/wp\/v2\/pages\/87\/revisions\/257"}],"up":[{"embeddable":true,"href":"http:\/\/www.tierschutzteam-ev.de\/index.php?rest_route=\/wp\/v2\/pages\/8"}],"wp:attachment":[{"href":"http:\/\/www.tierschutzteam-ev.de\/index.php?rest_route=%2Fwp%2Fv2%2Fmedia&parent=87"}],"curies":[{"name":"wp","href":"https:\/\/api.w.org\/{rel}","templated":true}]}}