{"id":8,"date":"2017-08-01T22:11:44","date_gmt":"2017-08-01T20:11:44","guid":{"rendered":"http:\/\/tierschutzteam-ev.de\/?page_id=8"},"modified":"2018-07-21T16:17:40","modified_gmt":"2018-07-21T14:17:40","slug":"ueber-mich","status":"publish","type":"page","link":"http:\/\/www.tierschutzteam-ev.de\/?page_id=8","title":{"rendered":"Wir \u00fcber uns"},"content":{"rendered":"<p>Das TierschutzTeam e.V. hat es sich zur Aufgabe gemacht, Tieren, die in Not\u00a0sind, zu helfen, sie aus misslichen Lagen zu befreien und sich f\u00fcr ihre artgerechte Haltung einzusetzen.<\/p>\n<p><img decoding=\"async\" loading=\"lazy\" class=\"size-full wp-image-215 alignnone\" src=\"http:\/\/tierschutzteam-ev.de\/wp-content\/uploads\/2018\/07\/bettina1_400.jpg\" alt=\"\" width=\"400\" height=\"400\" srcset=\"http:\/\/www.tierschutzteam-ev.de\/wp-content\/uploads\/2018\/07\/bettina1_400.jpg 400w, http:\/\/www.tierschutzteam-ev.de\/wp-content\/uploads\/2018\/07\/bettina1_400-150x150.jpg 150w, http:\/\/www.tierschutzteam-ev.de\/wp-content\/uploads\/2018\/07\/bettina1_400-300x300.jpg 300w, http:\/\/www.tierschutzteam-ev.de\/wp-content\/uploads\/2018\/07\/bettina1_400-100x100.jpg 100w\" sizes=\"(max-width: 400px) 100vw, 400px\" \/><\/p>\n<p>Bettina Weidle-Loris,\u00a0 1. Vorsitzende<\/p>\n<p><img decoding=\"async\" loading=\"lazy\" class=\"size-full wp-image-213 alignnone\" src=\"http:\/\/tierschutzteam-ev.de\/wp-content\/uploads\/2018\/07\/janette1_400.jpg\" alt=\"\" width=\"400\" height=\"400\" srcset=\"http:\/\/www.tierschutzteam-ev.de\/wp-content\/uploads\/2018\/07\/janette1_400.jpg 400w, http:\/\/www.tierschutzteam-ev.de\/wp-content\/uploads\/2018\/07\/janette1_400-150x150.jpg 150w, http:\/\/www.tierschutzteam-ev.de\/wp-content\/uploads\/2018\/07\/janette1_400-300x300.jpg 300w, http:\/\/www.tierschutzteam-ev.de\/wp-content\/uploads\/2018\/07\/janette1_400-100x100.jpg 100w\" sizes=\"(max-width: 400px) 100vw, 400px\" \/><\/p>\n<p>Jeanette Schmid, 2. Vorsitzende<\/p>\n<p><strong>Wir k\u00fcmmern uns insbesondere um die:<\/strong><br \/>\n* Eind\u00e4mmung der Katzenflut durch Kastrationen<br \/>\n* Versorgung herrenloser Katzen mit Futter<br \/>\n* Aufdeckung von nicht artgerecht gehaltenen Tieren oder Tierqu\u00e4lerei<br \/>\n* Vermittlung von Notfalltieren<br \/>\n* Aufkl\u00e4rung von Tierhaltern \u00fcber Haltung und Pflege<\/p>\n<p>Jeder kann dazu beitragen, Tierelend und Tiernot zu verringern!<br \/>\n<strong>Seien auch Sie dabei!<\/strong><\/p>\n<p>Mitglieder in unserem Verein k\u00f6nnen alle Tierfreunde werden, die das 18. Lebensjahr vollendet haben und sich bereit erkl\u00e4ren, einen Mindestbeitrag von 30 Euro pro Jahr zu zahlen.<\/p>\n<p><strong>Beitrittserkl\u00e4rung<\/strong> (korrigierte Fassung vom 29.12.2014)<\/p>\n<p><strong>Vereinssatzung<\/strong> (ge\u00e4nderte Fassung vom 14.11.2015)<\/p>\n<p>Noch bevor wir den Verein gr\u00fcndeten, haben wir im Jahr 2010 ca. 30 Katzenkastrationen durchgef\u00fchrt. Die Kater und Katzen stammten \u00fcberwiegend von Bauernh\u00f6fen oder aber geh\u00f6rten Besitzern, die finanziell nicht in der Lage waren, die Eingriffe zu zahlen. Die Katzen wurden au\u00dferdem entwurmt und t\u00e4towiert und bekamen, wenn notwendig, erforderliche Medikamente.\u00a0 Viele flei\u00dfige H\u00e4nde waren f\u00fcr diese Aktionen notwendig: Bauernhofkatzen sind oft scheu und lassen sich nicht anfassen. In m\u00fchevoller Kleinarbeit wurden viele Katzen \u00fcber Tage hinweg angef\u00fcttert und schlie\u00dflich mithilfe von Lebendfallen eingefangen. Wir brachten sie direkt zum Tierarzt, holten sie nach ihrer Genesung wieder ab und lie\u00dfen sie in ihrem Zuhause frei. Diese Aktionen waren Ideengeber f\u00fcr unseren jetzigen Verein.<\/p>\n","protected":false},"excerpt":{"rendered":"<p>Das TierschutzTeam e.V. hat es sich zur Aufgabe gemacht, Tieren, die in Not\u00a0sind, zu helfen, sie aus misslichen Lagen zu befreien und sich f\u00fcr ihre artgerechte Haltung einzusetzen. Bettina Weidle-Loris,\u00a0 1. Vorsitzende Jeanette Schmid, 2. Vorsitzende Wir k\u00fcmmern uns insbesondere um die: * Eind\u00e4mmung der Katzenflut durch Kastrationen * Versorgung herrenloser Katzen mit Futter * &hellip; <\/p>\n<p class=\"link-more\"><a href=\"http:\/\/www.tierschutzteam-ev.de\/?page_id=8\" class=\"more-link\"><span class=\"screen-reader-text\">\u201eWir \u00fcber uns\u201c<\/span> weiterlesen<\/a><\/p>\n","protected":false},"author":1,"featured_media":0,"parent":83,"menu_order":0,"comment_status":"closed","ping_status":"closed","template":"","meta":[],"_links":{"self":[{"href":"http:\/\/www.tierschutzteam-ev.de\/index.php?rest_route=\/wp\/v2\/pages\/8"}],"collection":[{"href":"http:\/\/www.tierschutzteam-ev.de\/index.php?rest_route=\/wp\/v2\/pages"}],"about":[{"href":"http:\/\/www.tierschutzteam-ev.de\/index.php?rest_route=\/wp\/v2\/types\/page"}],"author":[{"embeddable":true,"href":"http:\/\/www.tierschutzteam-ev.de\/index.php?rest_route=\/wp\/v2\/users\/1"}],"replies":[{"embeddable":true,"href":"http:\/\/www.tierschutzteam-ev.de\/index.php?rest_route=%2Fwp%2Fv2%2Fcomments&post=8"}],"version-history":[{"count":12,"href":"http:\/\/www.tierschutzteam-ev.de\/index.php?rest_route=\/wp\/v2\/pages\/8\/revisions"}],"predecessor-version":[{"id":48,"href":"http:\/\/www.tierschutzteam-ev.de\/index.php?rest_route=\/wp\/v2\/pages\/8\/revisions\/48"}],"up":[{"embeddable":true,"href":"http:\/\/www.tierschutzteam-ev.de\/index.php?rest_route=\/wp\/v2\/pages\/83"}],"wp:attachment":[{"href":"http:\/\/www.tierschutzteam-ev.de\/index.php?rest_route=%2Fwp%2Fv2%2Fmedia&parent=8"}],"curies":[{"name":"wp","href":"https:\/\/api.w.org\/{rel}","templated":true}]}}